{"id":209,"date":"2021-10-18T20:39:47","date_gmt":"2021-10-18T20:39:47","guid":{"rendered":"https:\/\/www.quieroalgo.com\/portatiles\/?page_id=209"},"modified":"2021-10-18T21:07:55","modified_gmt":"2021-10-18T21:07:55","slug":"portatiles-acer-para-jugar","status":"publish","type":"page","link":"https:\/\/www.quieroalgo.com\/portatiles\/portatiles-gaming\/portatiles-acer-para-jugar\/","title":{"rendered":"Portatiles ACER para jugar"},"content":{"rendered":"\n<figure class=\"wp-block-image size-full\"><img loading=\"lazy\" decoding=\"async\" width=\"786\" height=\"280\" src=\"https:\/\/www.quieroalgo.com\/portatiles\/wp-content\/uploads\/2021\/10\/Nitro.png\" alt=\"\" class=\"wp-image-217\" srcset=\"https:\/\/www.quieroalgo.com\/portatiles\/wp-content\/uploads\/2021\/10\/Nitro.png 786w, https:\/\/www.quieroalgo.com\/portatiles\/wp-content\/uploads\/2021\/10\/Nitro-300x107.png 300w, https:\/\/www.quieroalgo.com\/portatiles\/wp-content\/uploads\/2021\/10\/Nitro-768x274.png 768w\" sizes=\"auto, (max-width: 786px) 100vw, 786px\" \/><\/figure>\n\n\n\n<h2 class=\"wp-block-heading\">Nitro<\/h2>\n\n\n\n<p><\/p>\n\n\n\n<p>Intel<sup>\u00ae<\/sup>\u00a0Core\u2122 i7 de 11.<sup>a<\/sup>\u00a0generaci\u00f3n<sup>1<\/sup>, las GPU GeForce RTX\u2122 serie\u00a030<sup>1<\/sup>\u00a0y la veloz pantalla IPS FHD\/QHD.<\/p>\n\n\n\n<p>gran capacidad de almacenamiento con las dos ranuras para SSD M.2 PCIe\/SATA<sup>1<\/sup>\u00a0y hasta 32\u00a0GB de RAM DDR4 3200<\/p>\n\n\n\n<h3 class=\"wp-block-heading\">GPU NVIDIA<sup>\u00ae<\/sup>&nbsp;GeForce RTX\u2122 serie 30<\/h3>\n\n\n\n<p>Estas tarjetas gr\u00e1ficas ofrecen el rendimiento definitivo para gamers y creadores. Equipados con Ampere, la arquitectura RTX de 2.\u00aa generaci\u00f3n de NVIDIA, incorporan los nuevos n\u00facleos de trazado de rayos, n\u00facleos Tensor y multiprocesadores de streaming para ofrecer un gran avance en el rendimiento.<\/p>\n\n\n\n<h3 class=\"wp-block-heading\">Frialdad bajo el fuego<\/h3>\n\n\n\n<p>Cuando el juego intenso haga subir la temperatura, mant\u00e9n la frescura gracias a los dos ventiladores, la tecnolog\u00eda Acer CoolBoost\u2122 y el dise\u00f1o con cuatro puertos de escape. CoolBoost\u2122 aumenta la velocidad del ventilador en un 10\u00a0% y la refrigeraci\u00f3n de CPU\/GPU en un 9\u00a0% en comparaci\u00f3n con el modo autom\u00e1tico. Supervisa y gestiona el sistema en tiempo real con NitroSense, que cubre la temperatura, la velocidad del ventilador y otros valores.<\/p>\n\n\n\n<h3 class=\"wp-block-heading\">Gran variedad de puertos<\/h3>\n\n\n\n<p>Conecta todos tus perif\u00e9ricos a una amplia variedad de puertos, incluidos puertos HDMI&nbsp;2.1, Intel<sup>\u00ae<\/sup>&nbsp;Thunderbolt\u2122&nbsp;4 y el nuevo puerto est\u00e1ndar USB&nbsp;3.2 compatible con 1.\u00aa y 2.\u00aa generaci\u00f3n.<\/p>\n\n\n\n<p>HDMI 2.1: Alta velocidad<\/p>\n\n\n\n<p>USB 3.2 de 1.\u00aa generaci\u00f3n: USB SuperSpeed de 5\u00a0Gbps<\/p>\n\n\n\n<p>USB 3.2 tipo A de 2.\u00aa generaci\u00f3n: 10\u00a0Gbps + carga apagado<\/p>\n\n\n\n<p>Thunderbolt\u2122 4: USB-C de 40\u00a0Gbps<\/p>\n\n\n\n<p><\/p>\n\n\n\n<h2 class=\"wp-block-heading\">Nitro 5<\/h2>\n\n\n\n<p>AMD Ryzen\u2122 serie 5000 Mobile, las GPU GeForce RTX\u2122 serie 30 y una pantalla QHD a 165\u00a0Hz o una FHD a 360\u00a0Hz<\/p>\n\n\n\n<p>Procesador AMD Ryzen serie 5000 Mobile y hasta una GeForce RTX\u2122 3080. Apuesta por la velocidad con dos ranuras para SSD M.2 PCIe\/SATA<sup>1<\/sup>\u00a0y hasta 32\u00a0GB de RAM DDR4 3200.<\/p>\n\n\n\n<h3 class=\"wp-block-heading\">NVIDIA<sup>\u00ae<\/sup>&nbsp;GeForce RTX\u2122 30 Series Laptop GPUs<\/h3>\n\n\n\n<p>Estas tarjetas gr\u00e1ficas para port\u00e1til ofrecen el rendimiento definitivo para gamers y creadores. Equipadas con Ampere, la arquitectura RTX de 2.<sup>a<\/sup>\u00a0generaci\u00f3n de NVIDIA, incorporan los nuevos n\u00facleos Ray Tracing, n\u00facleos Tensor y multiprocesadores de streaming para ofrecer un gran avance en el rendimiento.<\/p>\n\n\n\n<p>Tiene los mismos puertos del Nitro.<\/p>\n\n\n\n<div class=\"wp-block-columns is-layout-flex wp-container-core-columns-is-layout-9d6595d7 wp-block-columns-is-layout-flex\">\n<div class=\"wp-block-column is-layout-flow wp-block-column-is-layout-flow\">\n<iframe style=\"width:120px;height:240px;\" marginwidth=\"0\" marginheight=\"0\" scrolling=\"no\" frameborder=\"0\" src=\"\/\/rcm-eu.amazon-adsystem.com\/e\/cm?lt1=_blank&#038;bc1=000000&#038;IS2=1&#038;bg1=FFFFFF&#038;fc1=000000&#038;lc1=0000FF&#038;t=portatil.es-21&#038;language=es_ES&#038;o=30&#038;p=8&#038;l=as4&#038;m=amazon&#038;f=ifr&#038;ref=as_ss_li_til&#038;asins=B08KY6MSL3&#038;linkId=d8c117997a31c9413df1395c6403bf46\"><\/iframe>\n<\/div>\n\n\n\n<div class=\"wp-block-column is-layout-flow wp-block-column-is-layout-flow\">\n<iframe style=\"width:120px;height:240px;\" marginwidth=\"0\" marginheight=\"0\" scrolling=\"no\" frameborder=\"0\" src=\"\/\/rcm-eu.amazon-adsystem.com\/e\/cm?lt1=_blank&#038;bc1=000000&#038;IS2=1&#038;bg1=FFFFFF&#038;fc1=000000&#038;lc1=0000FF&#038;t=portatil.es-21&#038;language=es_ES&#038;o=30&#038;p=8&#038;l=as4&#038;m=amazon&#038;f=ifr&#038;ref=as_ss_li_til&#038;asins=B09BFR3LYZ&#038;linkId=49f423ef4de59323b1de52dbc777bc1e\"><\/iframe>\n<\/div>\n<\/div>\n","protected":false},"excerpt":{"rendered":"<p>Nitro Intel\u00ae\u00a0Core\u2122 i7 de 11.a\u00a0generaci\u00f3n1, las GPU GeForce RTX\u2122 serie\u00a0301\u00a0y la veloz pantalla IPS FHD\/QHD. gran capacidad de almacenamiento con las dos ranuras para SSD M.2 PCIe\/SATA1\u00a0y hasta 32\u00a0GB de RAM DDR4 3200 GPU NVIDIA\u00ae&nbsp;GeForce RTX\u2122 serie 30 Estas tarjetas gr\u00e1ficas ofrecen el rendimiento definitivo para gamers y creadores. Equipados con Ampere, la arquitectura RTX&hellip;&nbsp;<\/p>\n","protected":false},"author":1,"featured_media":218,"parent":150,"menu_order":0,"comment_status":"closed","ping_status":"closed","template":"","meta":{"neve_meta_sidebar":"","neve_meta_container":"","neve_meta_enable_content_width":"","neve_meta_content_width":0,"neve_meta_title_alignment":"","neve_meta_author_avatar":"","neve_post_elements_order":"","neve_meta_disable_header":"","neve_meta_disable_footer":"","neve_meta_disable_title":"","footnotes":""},"class_list":["post-209","page","type-page","status-publish","has-post-thumbnail","hentry"],"jetpack_sharing_enabled":true,"_links":{"self":[{"href":"https:\/\/www.quieroalgo.com\/portatiles\/wp-json\/wp\/v2\/pages\/209","targetHints":{"allow":["GET"]}}],"collection":[{"href":"https:\/\/www.quieroalgo.com\/portatiles\/wp-json\/wp\/v2\/pages"}],"about":[{"href":"https:\/\/www.quieroalgo.com\/portatiles\/wp-json\/wp\/v2\/types\/page"}],"author":[{"embeddable":true,"href":"https:\/\/www.quieroalgo.com\/portatiles\/wp-json\/wp\/v2\/users\/1"}],"replies":[{"embeddable":true,"href":"https:\/\/www.quieroalgo.com\/portatiles\/wp-json\/wp\/v2\/comments?post=209"}],"version-history":[{"count":4,"href":"https:\/\/www.quieroalgo.com\/portatiles\/wp-json\/wp\/v2\/pages\/209\/revisions"}],"predecessor-version":[{"id":223,"href":"https:\/\/www.quieroalgo.com\/portatiles\/wp-json\/wp\/v2\/pages\/209\/revisions\/223"}],"up":[{"embeddable":true,"href":"https:\/\/www.quieroalgo.com\/portatiles\/wp-json\/wp\/v2\/pages\/150"}],"wp:featuredmedia":[{"embeddable":true,"href":"https:\/\/www.quieroalgo.com\/portatiles\/wp-json\/wp\/v2\/media\/218"}],"wp:attachment":[{"href":"https:\/\/www.quieroalgo.com\/portatiles\/wp-json\/wp\/v2\/media?parent=209"}],"curies":[{"name":"wp","href":"https:\/\/api.w.org\/{rel}","templated":true}]}}