{"id":230,"date":"2021-10-18T21:26:47","date_gmt":"2021-10-18T21:26:47","guid":{"rendered":"https:\/\/www.quieroalgo.com\/portatiles\/?page_id=230"},"modified":"2021-10-18T21:33:22","modified_gmt":"2021-10-18T21:33:22","slug":"como-elegir-la-mejor-laptop-para-la-universidad","status":"publish","type":"page","link":"https:\/\/www.quieroalgo.com\/portatiles\/portatiles-para-estudiantes\/como-elegir-la-mejor-laptop-para-la-universidad\/","title":{"rendered":"C\u00f3mo elegir la mejor laptop para la universidad"},"content":{"rendered":"\n<p>Encontrar el mejor equipo port\u00e1til para la universidad no tiene por qu\u00e9 ser como rendir un examen final. Considera para qu\u00e9 lo usar\u00e1s y prioriza tus necesidades.<\/p>\n\n\n\n<p>Considera \u00abproteger a futuro\u00bb tu compra. Compra un equipo port\u00e1til que tenga margen para una tecnolog\u00eda m\u00e1s avanzada mientras est\u00e9s estudiando.<\/p>\n\n\n\n<blockquote class=\"wp-block-quote is-layout-flow wp-block-quote-is-layout-flow\"><p>ELABORA UNA LISTA DE TUS NECESIDADES QUE INCLUYA:<br>* C\u00f3mo utilizar\u00e1s el equipo para la universidad (incluyendo aplicaciones y programas)<br>* Caracter\u00edsticas que son m\u00e1s importantes para ti, como: movilidad, desempe\u00f1o, duraci\u00f3n de la bater\u00eda, video, almacenamiento y tama\u00f1o de pantalla<br>* \u00bfQu\u00e9 precio se adecua a tu presupuesto?<br>* Informaci\u00f3n sobre descuentos proporcionada por tu universidad<\/p><\/blockquote>\n\n\n\n<p>Ya sea que est\u00e9s por comenzar la universidad t\u00fa mismo o que intentes ayudar a tu estudiante favorito, buscar y encontrar la mejor laptop para la universidad podr\u00eda llegar a parecer una tarea sobrecogedora. Afortunadamente, esta es una prueba a libro abierto y podemos ayudarte a encontrar las respuestas correctas.<\/p>\n\n\n\n<p>Lo primero que tienes que tener en cuenta cuando compres una nueva laptop para la universidad es c\u00f3mo la usar\u00e1s ahora y en el futuro. Como la tecnolog\u00eda avanza r\u00e1pidamente a\u00f1o tras a\u00f1o, es recomendable considerar un equipo que pueda manejar nuevos programas y aplicaciones. Esto se llama \u00abproteger a futuro\u00bb tu compra o comprar una computadora que tenga margen para seguir introduci\u00e9ndole tecnolog\u00eda m\u00e1s avanzada.<\/p>\n\n\n\n<p>Hazte estas preguntas: tus respuestas te ayudar\u00e1n a acotar las opciones.<\/p>\n\n\n\n<ul class=\"wp-block-list\"><li>\u00bfQu\u00e9 programas o aplicaciones son un requisito para tus clases?<\/li><li>\u00bfQu\u00e9 terminalidad o especializaci\u00f3n te interesa?<\/li><li>\u00bfUsas videojuegos, o te gustar\u00eda empezar a usarlos?<\/li><li>\u00bfUsas videochat con tus amigos o familiares?<\/li><li>\u00bfTe gusta crear tu propio contenido, como videos, podcasts, etc.?<\/li><\/ul>\n\n\n\n<h2 class=\"wp-block-heading\"><strong>Considera primero el desempe\u00f1o<\/strong><\/h2>\n\n\n\n<p>La manera en que uses tu laptop tendr\u00e1 influencia directa en cu\u00e1nto desempe\u00f1o necesitar\u00e1s. Utilizar aplicaciones intensivas como Adobe Premiere Pro* o videojuegos consume mucha potencia de la CPU. Sin embargo, si t\u00fa o el futuro estudiante utilizar\u00e1n el equipo para tareas m\u00e1s b\u00e1sicas como procesamiento de texto, descarga de m\u00fasica y publicaci\u00f3n en medios sociales, podr\u00eda no ser necesaria una CPU de gama alta.<\/p>\n\n\n\n<h2 class=\"wp-block-heading\"><strong>Factores de forma<\/strong><\/h2>\n\n\n\n<p>Las laptops de hoy est\u00e1n muy lejos de los pesados y voluminosos equipos de las \u00faltimas dos d\u00e9cadas. En realidad, el dise\u00f1o tradicional de laptops ahora est\u00e1 acompa\u00f1ado por nuevos tipos de dise\u00f1os y formatos.<\/p>\n\n\n\n<p><em>Formato encapsulado<br><\/em>Los equipos tipo c\u00e1psula (los que se abren y cierran), anteriormente el \u00fanico dise\u00f1o para los formatos port\u00e1tiles, siguen siendo una opci\u00f3n popular. Pero hoy en d\u00eda, muchos equipo port\u00e1tiles ofrecen m\u00e1s caracter\u00edsticas, como pantallas t\u00e1ctiles, chasis elaborados con materiales no tradicionales y opciones de conectividad mejoradas, como puertos\u00a0Thunderbolt\u2122 3.<\/p>\n\n\n\n<h2 class=\"wp-block-heading\"><em>Dispositivos 2 en 1<\/em><\/h2>\n\n\n\n<p>Las laptops 2 en 1 ofrecen gran flexibilidad sin necesidad de renunciar a nada. Las laptops 2 e 1 ofrecen lo mejor de ambos mundos: el desempe\u00f1o de una PC y la diversi\u00f3n de una tablet, en un solo dispositivo elegante. Existen dos tipos diferentes de laptops 2 en 1: desmontables y convertibles.<\/p>\n\n\n\n<ul class=\"wp-block-list\"><li><strong>Convertibles<br><\/strong>Los teclados permanecen adosados y pueden girar, voltear o plegarse.<br>Usa los modos \u00abd\u00edptico\u00bb o \u00abatril\u00bb para realizar una presentaci\u00f3n o compartir contenidos.<br>Pliega totalmente por la mitad para un modo \u00abtablet\u00bb.<br>Excelente para estudiantes preocupados por la productividad que trabajan mucho pero quieren las funciones de una tablet para el entretenimiento.<\/li><li><strong>Desmontables<br><\/strong>Ofrecen la posibilidad de cambiar s\u00faper r\u00e1pido de modo laptop a modo tablet.<br>Ofrecen una experiencia de tablet pura desmontando el teclado.<br>Ideales para quienes navegan por Internet pero tambi\u00e9n necesitan escribir ocasionalmente.<\/li><\/ul>\n\n\n\n<p>Cuando pienses en estos diferentes formatos, considera el peso y el grosor de tu nueva laptop. Una caminata larga por el campus pronto puede volverse inc\u00f3moda si andas cargando un equipo pesado. Afortunadamente, las laptops port\u00e1tiles hoy vienen en una variedad de tama\u00f1os y pesos. Lo que nos lleva al siguiente punto a tener en cuenta: la pantalla del equipo.<\/p>\n\n\n\n<h2 class=\"wp-block-heading\"><strong>Tama\u00f1o de pantalla<\/strong><\/h2>\n\n\n\n<p>El tama\u00f1o de la pantalla de una laptop tendr\u00e1 influencia directa en el peso y el precio. Las laptops habitualmente est\u00e1n categorizados en las tiendas y en l\u00ednea por el tama\u00f1o de sus pantallas. Los tama\u00f1os de pantalla comunes de las laptops comienzan a partir de las 11 pulgadas y siguen hasta las 17 pulgadas.<\/p>\n\n\n\n<p>Una vez m\u00e1s, preg\u00fantate d\u00f3nde y c\u00f3mo utilizar\u00e1s tu nueva laptop como ayuda para decidir el tama\u00f1o de pantalla. \u00bfTus tareas de estudiante o tus intereses requieren que uses un monitor externo?<\/p>\n\n\n\n<p><em>Modelos de 11 a 13 pulgadas<br><\/em>Si la movilidad es lo m\u00e1s importante para ti, considera estas opciones:<\/p>\n\n\n\n<ul class=\"wp-block-list\"><li>Una laptop peque\u00f1a<\/li><li>Una laptop s\u00faper delgada y liviana (a veces llamado Ultrabook)<\/li><\/ul>\n\n\n\n<p>Las laptops peque\u00f1as con pantallas de 11 a 13 pulgadas son una excelente opci\u00f3n si tienes un presupuesto ajustado, necesitas una portabilidad extrema y solo necesitas realizar tareas b\u00e1sicas, como navegar por Internet, enviar correo electr\u00f3nico y procesar texto.<\/p>\n\n\n\n<p><em>Modelos de 17 pulgadas<br><\/em>Si el desempe\u00f1o es tu prioridad principal, o quieres una laptop que pueda reemplazar a una PC, ve por un equipo de 17 pulgadas. Estos modelos pueden pesar m\u00e1s que otros, pero realmente tienen gran capacidad. Estas laptops grandes suelen ser la mejor opci\u00f3n para los jugadores, creadores de contenidos o editores de video que necesitan mucha potencia de procesamiento para realizar tareas complicadas. Esta gran pantalla podr\u00eda eliminar la potencial necesidad de un monitor externo.<\/p>\n\n\n\n<p><em>Modelos de 15 pulgadas<br><\/em>Para un buen equilibrio entre movilidad, desempe\u00f1o y precio, mira algunos modelos de 15 pulgadas. Muchos pesan cuatro libras o menos y est\u00e1n destinados a los consumidores tradicionales, lo que significa que es probable que encuentres m\u00e1s de las caracter\u00edsticas que buscas, por ejemplo m\u00e1s puertos, una unidad \u00f3ptica (DVD o CD) y una mejor bater\u00eda.<\/p>\n\n\n\n<h2 class=\"wp-block-heading\"><strong>Duraci\u00f3n de la bater\u00eda<\/strong><\/h2>\n\n\n\n<p>La duraci\u00f3n de la bater\u00eda siempre es una preocupaci\u00f3n principal en lo que respecta a la compra de una laptop. Lamentablemente, establecer la duraci\u00f3n de la bater\u00eda de la laptop no es tarea f\u00e1cil para los fabricantes. La duraci\u00f3n de una bater\u00eda depende de para qu\u00e9 la uses. Es mejor considerar las especificaciones de los fabricantes como una pauta general.<\/p>\n\n\n\n<p>En general, cuanto m\u00e1s grande es el tama\u00f1o de la pantalla del equipo, cuanto m\u00e1s pesado es el modelo, menos dura la bater\u00eda. Los laptops m\u00e1s peque\u00f1as como los dispositivos Ultrabook utilizan procesadores con un voltaje m\u00e1s bajo dise\u00f1ados espec\u00edficamente para ofrecer una mejor duraci\u00f3n de la bater\u00eda. Consulta en l\u00ednea los sitios web de los fabricantes para investigar el tema de la duraci\u00f3n de la bater\u00eda, o lee las rese\u00f1as en Internet. Habitualmente, los equipos de tama\u00f1o mediano o grande ofrecen entre cuatro y seis horas, mientras que los modelos ultra port\u00e1tiles pueden durar hasta diez horas.<\/p>\n\n\n\n<h2 class=\"wp-block-heading\"><strong>Puertos\/conectividad<\/strong><\/h2>\n\n\n\n<p>No subestimes la importancia de los puertos y c\u00f3mo conectar\u00e1s los diferentes perif\u00e9ricos (es decir, las c\u00e1maras, los tel\u00e9fonos y otros dispositivos) a tu laptop. Aunque muchos dispositivos perif\u00e9ricos se pueden conectar por v\u00eda inal\u00e1mbrica, a veces simplemente necesitas un puerto USB. Las laptops m\u00e1s peque\u00f1as y los modelos delgados tendr\u00e1n menos puertos.<\/p>\n\n\n\n<h2 class=\"wp-block-heading\">\u00bfQu\u00e9 tipos de puertos hay en las laptops?<\/h2>\n\n\n\n<ul class=\"wp-block-list\"><li><strong>Puertos<\/strong>&nbsp;<strong>USB<\/strong>\u2014Los m\u00e1s utilizados y reconocibles de todos los puertos de conectividad. Los puertos USB te permiten conectar una enorme cantidad de dispositivos, incluyendo unidades de disco duro externas, c\u00e1maras, teclados, mouse y mucho m\u00e1s. La versi\u00f3n m\u00e1s reciente es USB 3.1, que ofrece velocidades de transferencia m\u00e1s altas, de 10 Gbps.<\/li><li><strong>Puertos Thunderbolt\u2122 3<\/strong>\u2014Un puerto Thunderbolt\u2122 3 ofrece las velocidades de conexi\u00f3n y transferencia m\u00e1s altas hasta la fecha, unos 40 Gbps (cuatro veces m\u00e1s que USB 3.1).<\/li><li><strong>Puertos Ethernet\u2014<\/strong>Un puerto Ethernet te permite conectar tu equipo port\u00e1til directamente a una red con cable. Muchas laptops&nbsp;<em>no&nbsp;<\/em>incluyen estos puertos debido a la disponibilidad de Wi-Fi. Pero si est\u00e1s en alg\u00fan lugar del campus donde el Wi-Fi no es bueno, utiliza estos puertos y una cable Ethernet para conectarte. Si tu modelo favorito no tiene un puerto Ethernet hay adaptadores USB a Ethernet disponibles.<\/li><li><strong>HDMI\/VGA\/DVI<\/strong>\u2014Estos tipos de puertos te permiten conectarte a otras pantallas, como un televisor HD o un monitor externo.<\/li><li><strong>Lector de tarjeta SD<\/strong>\u2014Tambi\u00e9n conocida como tarjeta SDHC, esta ranura se utiliza para tarjetas de memoria de c\u00e1mara digital. Esto hace que la transferencia de fotograf\u00edas digitales a tu laptop sea m\u00e1s r\u00e1pida y f\u00e1cil.<\/li><\/ul>\n\n\n\n<h2 class=\"wp-block-heading\"><strong>Teclado<\/strong><\/h2>\n\n\n\n<p>Los jugadores y escritores no son los \u00fanicos que creen que el teclado de una laptop es la caracter\u00edstica m\u00e1s importante. Piensa en ello. Utilizar\u00e1s el teclado m\u00e1s que cualquier otra parte del equipo, as\u00ed que seguramente querr\u00e1s uno que sea c\u00f3modo, f\u00e1cil de usar y que proporcione una resistencia y sensaci\u00f3n t\u00e1ctil satisfactoria. \u00bfNecesitas un teclado con retroiluminaci\u00f3n?<\/p>\n\n\n\n<p>Adem\u00e1s, ten en cuenta el tama\u00f1o y la ubicaci\u00f3n de las teclas. \u00bfQuieres un teclado de 10 teclas? \u00bfEst\u00e1n todas las teclas en una posici\u00f3n est\u00e1ndar que te gusta? Aseg\u00farate de probar diferentes teclados. Abre un procesador de texto y teclea. Probablemente te des cuenta enseguida si el teclado de un equipo port\u00e1til no es para ti.<\/p>\n\n\n\n<p><strong>Teclado t\u00e1ctil<br><\/strong>Muchas personas omiten el uso de un mouse y, en cambio, utilizan el mouse t\u00e1ctil del equipo port\u00e1til para hacer las cosas. Un mouse t\u00e1ctil c\u00f3modo y f\u00e1cil de usar es importante, especialmente si vas a viajar, o trabajas en un espacio muy poblado como un bar o una sala de conferencias. Ten en cuenta el tama\u00f1o y la ubicaci\u00f3n del mouse t\u00e1ctil, ya sea que prefieras uno grande o con botones izquierdo\/derecho separados. Algunos modelos incluso incluyen patrones y texturas para una experiencia t\u00e1ctil.<\/p>\n\n\n\n<h2 class=\"wp-block-heading\"><strong>Gr\u00e1ficos<\/strong><\/h2>\n\n\n\n<p>La mayor\u00eda de los modelos de equipos port\u00e1tiles est\u00e1n alimentados por una CPU que tambi\u00e9n incluye un chipset de gr\u00e1ficos integrado. Esto significa que los gr\u00e1ficos est\u00e1n realmente incorporados al procesador, lo que elimina la necesidad de una tarjeta de gr\u00e1ficos separada. Estas tecnolog\u00edas de gr\u00e1ficos integrados, como\u00a0los gr\u00e1ficos HD Intel\u00ae o Intel\u00ae Iris\u2122 Plus, son m\u00e1s potentes que nunca, lo que te permite utilizar juegos tradicionales, admitir hasta tres pantallas diferentes y hacer streaming de hasta 1080p.<\/p>\n\n\n\n<p>Sin embargo, si eres un jugador o haces pel\u00edculas, querr\u00e1s tener gr\u00e1ficos dedicados o una GPU. Los gr\u00e1ficos dedicados son m\u00e1s potentes que los gr\u00e1ficos integrados pero tambi\u00e9n son sustancialmente m\u00e1s caros en lo que respecta al precio de un equipo port\u00e1til.<\/p>\n\n\n\n<h2 class=\"wp-block-heading\"><strong>RAM<\/strong><\/h2>\n\n\n\n<p>Escuchar\u00e1s que se menciona mucho este t\u00e9rmino cuando salgas a comprar tu equipo port\u00e1til para la universidad. Memoria de acceso r\u00e1pido, o RAM. La memoria RAM almacena temporalmente datos utilizados recientemente para acceder a ellos r\u00e1pidamente m\u00e1s tarde. Piensa en esto como la informaci\u00f3n que te viene a la mente de inmediato, la utilizas con frecuencia y tu cerebro puede acceder a ella r\u00e1pidamente. Cuanto m\u00e1s memoria RAM haya disponible, m\u00e1s r\u00e1pida te parecer\u00e1 la computadora. Considera entre 8 GB y 16 GB de RAM para tu equipo port\u00e1til.<\/p>\n\n\n\n<h2 class=\"wp-block-heading\"><strong>Almacenamiento<\/strong><\/h2>\n\n\n\n<p>Las fotograf\u00edas, los videos y otros datos que querr\u00e1s guardar durante un largo tiempo se almacenan en la \u00abmemoria de largo plazo\u00bb del equipo. Son datos que no se pueden usar con frecuencia, pero es bastante importante guardarlos, conservarlos y usarlos cuando sea necesario.<\/p>\n\n\n\n<p>Estos datos se pueden guardar en una unidad de disco duro (HDD), a una unidad de estado s\u00f3lido (SSD) o incluso una versi\u00f3n h\u00edbrida de ambas. Las SSD habitualmente ofrecen tiempos de inicio y acceso a los datos m\u00e1s r\u00e1pidos y son muy confiables y duraderas, dado que no tienen piezas m\u00f3viles.<\/p>\n\n\n\n<h2 class=\"wp-block-heading\"><strong>La decisi\u00f3n de compra final<\/strong><\/h2>\n\n\n\n<p>Pueden parecer muchas cosas para recordar, pero encontrar el equipo port\u00e1til perfecto para tu carrera universitaria realmente puede encaminarte hacia el \u00e9xito. Elabora una lista de verificaci\u00f3n utilizando las caracter\u00edsticas mencionadas en este art\u00edculo, y conc\u00e9ntrate en lo que necesitar\u00e1s m\u00e1s de tu equipo universitario en t\u00e9rminos de tama\u00f1o, peso, capacidad de procesamiento y almacenamiento.<\/p>\n","protected":false},"excerpt":{"rendered":"<p>Encontrar el mejor equipo port\u00e1til para la universidad no tiene por qu\u00e9 ser como rendir un examen final. Considera para qu\u00e9 lo usar\u00e1s y prioriza tus necesidades. Considera \u00abproteger a futuro\u00bb tu compra. Compra un equipo port\u00e1til que tenga margen para una tecnolog\u00eda m\u00e1s avanzada mientras est\u00e9s estudiando. ELABORA UNA LISTA DE TUS NECESIDADES QUE&hellip;&nbsp;<\/p>\n","protected":false},"author":1,"featured_media":0,"parent":41,"menu_order":0,"comment_status":"closed","ping_status":"closed","template":"","meta":{"neve_meta_sidebar":"","neve_meta_container":"","neve_meta_enable_content_width":"","neve_meta_content_width":0,"neve_meta_title_alignment":"","neve_meta_author_avatar":"","neve_post_elements_order":"","neve_meta_disable_header":"","neve_meta_disable_footer":"","neve_meta_disable_title":"","footnotes":""},"class_list":["post-230","page","type-page","status-publish","hentry"],"jetpack_sharing_enabled":true,"_links":{"self":[{"href":"https:\/\/www.quieroalgo.com\/portatiles\/wp-json\/wp\/v2\/pages\/230","targetHints":{"allow":["GET"]}}],"collection":[{"href":"https:\/\/www.quieroalgo.com\/portatiles\/wp-json\/wp\/v2\/pages"}],"about":[{"href":"https:\/\/www.quieroalgo.com\/portatiles\/wp-json\/wp\/v2\/types\/page"}],"author":[{"embeddable":true,"href":"https:\/\/www.quieroalgo.com\/portatiles\/wp-json\/wp\/v2\/users\/1"}],"replies":[{"embeddable":true,"href":"https:\/\/www.quieroalgo.com\/portatiles\/wp-json\/wp\/v2\/comments?post=230"}],"version-history":[{"count":2,"href":"https:\/\/www.quieroalgo.com\/portatiles\/wp-json\/wp\/v2\/pages\/230\/revisions"}],"predecessor-version":[{"id":233,"href":"https:\/\/www.quieroalgo.com\/portatiles\/wp-json\/wp\/v2\/pages\/230\/revisions\/233"}],"up":[{"embeddable":true,"href":"https:\/\/www.quieroalgo.com\/portatiles\/wp-json\/wp\/v2\/pages\/41"}],"wp:attachment":[{"href":"https:\/\/www.quieroalgo.com\/portatiles\/wp-json\/wp\/v2\/media?parent=230"}],"curies":[{"name":"wp","href":"https:\/\/api.w.org\/{rel}","templated":true}]}}